{"id":3,"date":"2025-06-24T20:45:50","date_gmt":"2025-06-24T20:45:50","guid":{"rendered":"https:\/\/lancobrokerage.com\/staging\/1625\/?page_id=3"},"modified":"2025-07-31T16:42:14","modified_gmt":"2025-07-31T16:42:14","slug":"privacy-policy","status":"publish","type":"page","link":"https:\/\/lancobrokerage.com\/es\/privacy-policy\/","title":{"rendered":"Privacy Policy Page | Lanco Brokerage"},"content":{"rendered":"<div data-elementor-type=\"wp-page\" data-elementor-id=\"3\" class=\"elementor elementor-3\" data-elementor-post-type=\"page\">\n\t\t\t\t<div class=\"elementor-element elementor-element-de074d4 e-flex e-con-boxed e-con e-parent\" data-id=\"de074d4\" data-element_type=\"container\" data-e-type=\"container\">\n\t\t\t\t\t<div class=\"e-con-inner\">\n\t\t\t\t<div class=\"elementor-element elementor-element-f28546b elementor-widget elementor-widget-html\" data-id=\"f28546b\" data-element_type=\"widget\" data-e-type=\"widget\" data-widget_type=\"html.default\">\n\t\t\t\t\t<!DOCTYPE html>\r\n<html lang=\"en\">\r\n<head>\r\n  <meta charset=\"UTF-8\">\r\n  <title>Privacy Policy | Lanco Insurance Brokerage<\/title>\r\n<\/head>\r\n<body>\r\n  <h1>Pol\u00edtica de Privacidad<\/h1>\r\n  <p><strong>Effective Date:<\/strong> 07\/15\/2025<\/p>\r\n\r\n  <p>Lanco Insurance Brokerage (\"we\", \"us\", or \"our\") respects your privacy and is committed to protecting the personal information you provide to us. This Privacy Policy explains how we collect, use, share, and protect your information when you visit our website or use our services.<\/p>\r\n\r\n  <h2>1. Information We Collect<\/h2>\r\n  <ul>\r\n    <li>First and last name<\/li>\r\n    <li>Company name<\/li>\r\n    <li>Email address<\/li>\r\n    <li>Phone number<\/li>\r\n  <\/ul>\r\n  <p>We also collect technical data such as your IP address, browser type, and pages visited using tools like Google Analytics and Zoho SalesIQ (live chat).<\/p>\r\n\r\n  <h2>2. How We Use Your Information<\/h2>\r\n  <ul>\r\n    <li>To respond to inquiries or provide quotes<\/li>\r\n    <li>To communicate about our services<\/li>\r\n    <li>To improve our website using analytics<\/li>\r\n    <li>To assist you via live chat<\/li>\r\n    <li>To comply with legal obligations<\/li>\r\n  <\/ul>\r\n\r\n  <h2>3. Sharing Your Information<\/h2>\r\n  <p>We do not sell your personal information. We may share data with trusted third parties for operations, such as:<\/p>\r\n  <ul>\r\n    <li>Google Analytics (website usage data)<\/li>\r\n    <li>Zoho SalesIQ (chat and visitor tracking)<\/li>\r\n  <\/ul>\r\n\r\n  <h2>4. Cookies and Tracking<\/h2>\r\n  <p>We use cookies and similar technologies to enhance your experience. You may disable cookies through your browser settings.<\/p>\r\n\r\n  <h2>5. Data Security<\/h2>\r\n  <p>We take reasonable steps to protect your information, including:<\/p>\r\n  <ul>\r\n    <li><strong>SSL Encryption:<\/strong> Our site uses SSL to secure form submissions.<\/li>\r\n    <li><strong>Access Controls:<\/strong> Only authorized staff may access customer data.<\/li>\r\n    <li><strong>Firewall Protection:<\/strong> We use industry-standard protections against unauthorized access.<\/li>\r\n    <li><strong>Trusted Providers:<\/strong> Our third-party vendors (e.g., Zoho, Google) use secure infrastructure and comply with applicable laws.<\/li>\r\n  <\/ul>\r\n  <p>While no method of transmission over the internet is 100% secure, we work to maintain best practices to safeguard your data.<\/p>\r\n\r\n  <h2>6. Your Rights<\/h2>\r\n  <p>Depending on your state, you may have the right to access, correct, or delete your personal information. To exercise these rights, contact us at 212-795-7090.<\/p>\r\n\r\n  <h2>7. Changes to This Policy<\/h2>\r\n  <p>We may update this Privacy Policy from time to time. We will post the updated version here with a new effective date.<\/p>\r\n\r\n  <h2>8. Contact Us<\/h2>\r\n  <p>If you have any questions, contact us at:<\/p>\r\n  <p>\r\n    Lanco Insurance Brokerage<br>\r\n    497 Fort Washington Ave. New York, NY 10033<br>\r\n    info@lancobrokerage.com<br>\r\n    212-795-7090\r\n  <\/p>\r\n<\/body>\r\n<\/html>\t\t\t\t<\/div>\n\t\t\t\t\t<\/div>\n\t\t\t\t<\/div>\n\t\t\t\t<\/div>","protected":false},"excerpt":{"rendered":"<p>Privacy Policy | Lanco Insurance Brokerage Privacy Policy Effective Date: 07\/15\/2025 Lanco Insurance Brokerage (&#8220;we&#8221;, &#8220;us&#8221;, or &#8220;our&#8221;) respects your privacy and is committed to protecting the personal information you provide to us. This Privacy Policy explains how we collect, use, share, and protect your information when you visit our website or use our services. [&hellip;]<\/p>\n","protected":false},"author":1,"featured_media":0,"parent":0,"menu_order":0,"comment_status":"closed","ping_status":"open","template":"","meta":{"nf_dc_page":"","ocean_post_layout":"","ocean_both_sidebars_style":"","ocean_both_sidebars_content_width":0,"ocean_both_sidebars_sidebars_width":0,"ocean_sidebar":"","ocean_second_sidebar":"","ocean_disable_margins":"enable","ocean_add_body_class":"","ocean_shortcode_before_top_bar":"","ocean_shortcode_after_top_bar":"","ocean_shortcode_before_header":"","ocean_shortcode_after_header":"","ocean_has_shortcode":"","ocean_shortcode_after_title":"","ocean_shortcode_before_footer_widgets":"","ocean_shortcode_after_footer_widgets":"","ocean_shortcode_before_footer_bottom":"","ocean_shortcode_after_footer_bottom":"","ocean_display_top_bar":"default","ocean_display_header":"default","ocean_header_style":"","ocean_center_header_left_menu":"","ocean_custom_header_template":"","ocean_custom_logo":0,"ocean_custom_retina_logo":0,"ocean_custom_logo_max_width":0,"ocean_custom_logo_tablet_max_width":0,"ocean_custom_logo_mobile_max_width":0,"ocean_custom_logo_max_height":0,"ocean_custom_logo_tablet_max_height":0,"ocean_custom_logo_mobile_max_height":0,"ocean_header_custom_menu":"","ocean_menu_typo_font_family":"","ocean_menu_typo_font_subset":"","ocean_menu_typo_font_size":0,"ocean_menu_typo_font_size_tablet":0,"ocean_menu_typo_font_size_mobile":0,"ocean_menu_typo_font_size_unit":"px","ocean_menu_typo_font_weight":"","ocean_menu_typo_font_weight_tablet":"","ocean_menu_typo_font_weight_mobile":"","ocean_menu_typo_transform":"","ocean_menu_typo_transform_tablet":"","ocean_menu_typo_transform_mobile":"","ocean_menu_typo_line_height":0,"ocean_menu_typo_line_height_tablet":0,"ocean_menu_typo_line_height_mobile":0,"ocean_menu_typo_line_height_unit":"","ocean_menu_typo_spacing":0,"ocean_menu_typo_spacing_tablet":0,"ocean_menu_typo_spacing_mobile":0,"ocean_menu_typo_spacing_unit":"","ocean_menu_link_color":"","ocean_menu_link_color_hover":"","ocean_menu_link_color_active":"","ocean_menu_link_background":"","ocean_menu_link_hover_background":"","ocean_menu_link_active_background":"","ocean_menu_social_links_bg":"","ocean_menu_social_hover_links_bg":"","ocean_menu_social_links_color":"","ocean_menu_social_hover_links_color":"","ocean_disable_title":"default","ocean_disable_heading":"default","ocean_post_title":"","ocean_post_subheading":"","ocean_post_title_style":"","ocean_post_title_background_color":"","ocean_post_title_background":0,"ocean_post_title_bg_image_position":"","ocean_post_title_bg_image_attachment":"","ocean_post_title_bg_image_repeat":"","ocean_post_title_bg_image_size":"","ocean_post_title_height":0,"ocean_post_title_bg_overlay":0.5,"ocean_post_title_bg_overlay_color":"","ocean_disable_breadcrumbs":"default","ocean_breadcrumbs_color":"","ocean_breadcrumbs_separator_color":"","ocean_breadcrumbs_links_color":"","ocean_breadcrumbs_links_hover_color":"","ocean_display_footer_widgets":"default","ocean_display_footer_bottom":"default","ocean_custom_footer_template":"","footnotes":""},"class_list":["post-3","page","type-page","status-publish","hentry","entry"],"yoast_head":"<!-- This site is optimized with the Yoast SEO Premium plugin v27.2 (Yoast SEO v27.4) - https:\/\/yoast.com\/product\/yoast-seo-premium-wordpress\/ -->\n<title>Privacy Policy Page | Lanco Brokerage<\/title>\n<meta name=\"description\" content=\"Visit our privacy policy page to learn how we collect, use, and protect your personal information at Lanco Brokerage.\" \/>\n<meta name=\"robots\" content=\"index, follow, max-snippet:-1, max-image-preview:large, max-video-preview:-1\" \/>\n<link rel=\"canonical\" href=\"https:\/\/lancobrokerage.com\/es\/privacy-policy\/\" \/>\n<meta property=\"og:locale\" content=\"es_ES\" \/>\n<meta property=\"og:type\" content=\"article\" \/>\n<meta property=\"og:title\" content=\"Privacy Policy Page | Lanco Brokerage\" \/>\n<meta property=\"og:description\" content=\"Visit our privacy policy page to learn how we collect, use, and protect your personal information at Lanco Brokerage.\" \/>\n<meta property=\"og:url\" content=\"https:\/\/lancobrokerage.com\/es\/privacy-policy\/\" \/>\n<meta property=\"og:site_name\" content=\"Lanco Brokerage\" \/>\n<meta property=\"article:publisher\" content=\"https:\/\/www.facebook.com\/profile.php?id=61577584020542\" \/>\n<meta property=\"article:modified_time\" content=\"2025-07-31T16:42:14+00:00\" \/>\n<meta property=\"og:image\" content=\"https:\/\/lancobrokerage.com\/wp-content\/uploads\/2026\/03\/Lanco-Logo.png\" \/>\n\t<meta property=\"og:image:width\" content=\"624\" \/>\n\t<meta property=\"og:image:height\" content=\"221\" \/>\n\t<meta property=\"og:image:type\" content=\"image\/png\" \/>\n<meta name=\"twitter:card\" content=\"summary_large_image\" \/>\n<meta name=\"twitter:label1\" content=\"Tiempo de lectura\" \/>\n\t<meta name=\"twitter:data1\" content=\"2 minutos\" \/>\n<script type=\"application\/ld+json\" class=\"yoast-schema-graph\">{\"@context\":\"https:\\\/\\\/schema.org\",\"@graph\":[{\"@type\":\"WebPage\",\"@id\":\"https:\\\/\\\/lancobrokerage.com\\\/privacy-policy\\\/\",\"url\":\"https:\\\/\\\/lancobrokerage.com\\\/privacy-policy\\\/\",\"name\":\"Privacy Policy Page | Lanco Brokerage\",\"isPartOf\":{\"@id\":\"https:\\\/\\\/lancobrokerage.com\\\/#website\"},\"datePublished\":\"2025-06-24T20:45:50+00:00\",\"dateModified\":\"2025-07-31T16:42:14+00:00\",\"description\":\"Visit our privacy policy page to learn how we collect, use, and protect your personal information at Lanco Brokerage.\",\"breadcrumb\":{\"@id\":\"https:\\\/\\\/lancobrokerage.com\\\/privacy-policy\\\/#breadcrumb\"},\"inLanguage\":\"es\",\"potentialAction\":[{\"@type\":\"ReadAction\",\"target\":[\"https:\\\/\\\/lancobrokerage.com\\\/privacy-policy\\\/\"]}]},{\"@type\":\"BreadcrumbList\",\"@id\":\"https:\\\/\\\/lancobrokerage.com\\\/privacy-policy\\\/#breadcrumb\",\"itemListElement\":[{\"@type\":\"ListItem\",\"position\":1,\"name\":\"Home\",\"item\":\"https:\\\/\\\/lancobrokerage.com\\\/\"},{\"@type\":\"ListItem\",\"position\":2,\"name\":\"Privacy Policy Page | Lanco Brokerage\"}]},{\"@type\":\"WebSite\",\"@id\":\"https:\\\/\\\/lancobrokerage.com\\\/#website\",\"url\":\"https:\\\/\\\/lancobrokerage.com\\\/\",\"name\":\"Lanco Brokerage\",\"description\":\"We guide small businesses in NY and NJ with their business insurance.\",\"publisher\":{\"@id\":\"https:\\\/\\\/lancobrokerage.com\\\/#organization\"},\"potentialAction\":[{\"@type\":\"SearchAction\",\"target\":{\"@type\":\"EntryPoint\",\"urlTemplate\":\"https:\\\/\\\/lancobrokerage.com\\\/?s={search_term_string}\"},\"query-input\":{\"@type\":\"PropertyValueSpecification\",\"valueRequired\":true,\"valueName\":\"search_term_string\"}}],\"inLanguage\":\"es\"},{\"@type\":[\"Organization\",\"Place\"],\"@id\":\"https:\\\/\\\/lancobrokerage.com\\\/#organization\",\"name\":\"Lanco Brokerage\",\"alternateName\":\"Lanco Brokerage\",\"url\":\"https:\\\/\\\/lancobrokerage.com\\\/\",\"logo\":{\"@id\":\"https:\\\/\\\/lancobrokerage.com\\\/privacy-policy\\\/#local-main-organization-logo\"},\"image\":{\"@id\":\"https:\\\/\\\/lancobrokerage.com\\\/privacy-policy\\\/#local-main-organization-logo\"},\"sameAs\":[\"https:\\\/\\\/www.facebook.com\\\/profile.php?id=61577584020542\",\"https:\\\/\\\/mastodon.social\\\/@lancobrokerage\",\"https:\\\/\\\/www.linkedin.com\\\/company\\\/lanco-brokerage-corp\\\/\"],\"description\":\"Established in 1991, Lanco Brokerage is a second-generation, family-owned insurance brokerage serving businesses across New York and New Jersey. For over 30 years, our Washington Heights-based team has delivered expert guidance on commercial insurance, including general liability, property, business owners\u2019 policies, workers\u2019 compensation, and a wide range of specialty and personal lines. As an independent brokerage, we have access to both admitted and non-admitted carriers and are dedicated to providing fast, reliable service.\",\"legalName\":\"Lanco Brokerage Corp.\",\"foundingDate\":\"1991-04-25\",\"duns\":\"94-594-1300\",\"naics\":\"524210\",\"numberOfEmployees\":{\"@type\":\"QuantitativeValue\",\"minValue\":\"1\",\"maxValue\":\"10\"},\"publishingPrinciples\":\"https:\\\/\\\/lancobrokerage.com\\\/\",\"ownershipFundingInfo\":\"https:\\\/\\\/lancobrokerage.com\\\/independent-insurance-agency-about-us\\\/\",\"actionableFeedbackPolicy\":\"https:\\\/\\\/lancobrokerage.com\\\/free-insurance-quote-new-york-and-new-jersey\\\/\",\"address\":{\"@id\":\"https:\\\/\\\/lancobrokerage.com\\\/privacy-policy\\\/#local-main-place-address\"},\"geo\":{\"@type\":\"GeoCoordinates\",\"latitude\":\"40.85201\",\"longitude\":\"-73.9380098\"},\"telephone\":[\"2127957090\"],\"openingHoursSpecification\":[{\"@type\":\"OpeningHoursSpecification\",\"dayOfWeek\":[\"Monday\",\"Tuesday\",\"Wednesday\",\"Thursday\"],\"opens\":\"09:00\",\"closes\":\"17:00\"},{\"@type\":\"OpeningHoursSpecification\",\"dayOfWeek\":[\"Friday\"],\"opens\":\"09:00\",\"closes\":\"16:00\"},{\"@type\":\"OpeningHoursSpecification\",\"dayOfWeek\":[\"Saturday\",\"Sunday\"],\"opens\":\"00:00\",\"closes\":\"00:00\"}],\"email\":\"info@lancobrokerage.com\",\"faxNumber\":\"2127957090\",\"areaServed\":\"New York, New Jersey\"},{\"@type\":\"PostalAddress\",\"@id\":\"https:\\\/\\\/lancobrokerage.com\\\/privacy-policy\\\/#local-main-place-address\",\"streetAddress\":\"497 Fort Washington Ave\",\"addressLocality\":\"New York\",\"postalCode\":\"10033\",\"addressRegion\":\"NY\",\"addressCountry\":\"US\"},{\"@type\":\"ImageObject\",\"inLanguage\":\"es\",\"@id\":\"https:\\\/\\\/lancobrokerage.com\\\/privacy-policy\\\/#local-main-organization-logo\",\"url\":\"https:\\\/\\\/lancobrokerage.com\\\/wp-content\\\/uploads\\\/2026\\\/03\\\/Lanco-Icon-final.webp\",\"contentUrl\":\"https:\\\/\\\/lancobrokerage.com\\\/wp-content\\\/uploads\\\/2026\\\/03\\\/Lanco-Icon-final.webp\",\"width\":584,\"height\":609,\"caption\":\"Lanco Brokerage\"}]}<\/script>\n<meta name=\"geo.placename\" content=\"New York\" \/>\n<meta name=\"geo.position\" content=\"40.85201;-73.9380098\" \/>\n<meta name=\"geo.region\" content=\"Estados Unidos (EEUU)\" \/>\n<!-- \/ Yoast SEO Premium plugin. -->","yoast_head_json":{"title":"Privacy Policy Page | Lanco Brokerage","description":"Visit our privacy policy page to learn how we collect, use, and protect your personal information at Lanco Brokerage.","robots":{"index":"index","follow":"follow","max-snippet":"max-snippet:-1","max-image-preview":"max-image-preview:large","max-video-preview":"max-video-preview:-1"},"canonical":"https:\/\/lancobrokerage.com\/es\/privacy-policy\/","og_locale":"es_ES","og_type":"article","og_title":"Privacy Policy Page | Lanco Brokerage","og_description":"Visit our privacy policy page to learn how we collect, use, and protect your personal information at Lanco Brokerage.","og_url":"https:\/\/lancobrokerage.com\/es\/privacy-policy\/","og_site_name":"Lanco Brokerage","article_publisher":"https:\/\/www.facebook.com\/profile.php?id=61577584020542","article_modified_time":"2025-07-31T16:42:14+00:00","og_image":[{"width":624,"height":221,"url":"https:\/\/lancobrokerage.com\/wp-content\/uploads\/2026\/03\/Lanco-Logo.png","type":"image\/png"}],"twitter_card":"summary_large_image","twitter_misc":{"Tiempo de lectura":"2 minutos"},"schema":{"@context":"https:\/\/schema.org","@graph":[{"@type":"WebPage","@id":"https:\/\/lancobrokerage.com\/privacy-policy\/","url":"https:\/\/lancobrokerage.com\/privacy-policy\/","name":"Privacy Policy Page | Lanco Brokerage","isPartOf":{"@id":"https:\/\/lancobrokerage.com\/#website"},"datePublished":"2025-06-24T20:45:50+00:00","dateModified":"2025-07-31T16:42:14+00:00","description":"Visit our privacy policy page to learn how we collect, use, and protect your personal information at Lanco Brokerage.","breadcrumb":{"@id":"https:\/\/lancobrokerage.com\/privacy-policy\/#breadcrumb"},"inLanguage":"es","potentialAction":[{"@type":"ReadAction","target":["https:\/\/lancobrokerage.com\/privacy-policy\/"]}]},{"@type":"BreadcrumbList","@id":"https:\/\/lancobrokerage.com\/privacy-policy\/#breadcrumb","itemListElement":[{"@type":"ListItem","position":1,"name":"Home","item":"https:\/\/lancobrokerage.com\/"},{"@type":"ListItem","position":2,"name":"Privacy Policy Page | Lanco Brokerage"}]},{"@type":"WebSite","@id":"https:\/\/lancobrokerage.com\/#website","url":"https:\/\/lancobrokerage.com\/","name":"Lanco Brokerage","description":"We guide small businesses in NY and NJ with their business insurance.","publisher":{"@id":"https:\/\/lancobrokerage.com\/#organization"},"potentialAction":[{"@type":"SearchAction","target":{"@type":"EntryPoint","urlTemplate":"https:\/\/lancobrokerage.com\/?s={search_term_string}"},"query-input":{"@type":"PropertyValueSpecification","valueRequired":true,"valueName":"search_term_string"}}],"inLanguage":"es"},{"@type":["Organization","Place"],"@id":"https:\/\/lancobrokerage.com\/#organization","name":"Lanco Brokerage","alternateName":"Lanco Brokerage","url":"https:\/\/lancobrokerage.com\/","logo":{"@id":"https:\/\/lancobrokerage.com\/privacy-policy\/#local-main-organization-logo"},"image":{"@id":"https:\/\/lancobrokerage.com\/privacy-policy\/#local-main-organization-logo"},"sameAs":["https:\/\/www.facebook.com\/profile.php?id=61577584020542","https:\/\/mastodon.social\/@lancobrokerage","https:\/\/www.linkedin.com\/company\/lanco-brokerage-corp\/"],"description":"Fundada en 1991, Lanco Brokerage es una corredur\u00eda de seguros de segunda generaci\u00f3n, de propiedad familiar, que atiende a empresas en todo Nueva York y Nueva Jersey. Durante m\u00e1s de 30 a\u00f1os, nuestro equipo en Washington Heights ha ofrecido asesor\u00eda experta en seguros comerciales, incluyendo responsabilidad civil general, propiedad, p\u00f3lizas para propietarios de negocios, compensaci\u00f3n laboral y una amplia gama de l\u00edneas personales y especializadas. Como corredur\u00eda independiente, tenemos acceso a aseguradoras admitidas y no admitidas, y estamos comprometidos a brindar un servicio r\u00e1pido y confiable.","legalName":"Lanco Brokerage Corp.","foundingDate":"1991-04-25","duns":"94-594-1300","naics":"524210","numberOfEmployees":{"@type":"QuantitativeValue","minValue":"1","maxValue":"10"},"publishingPrinciples":"https:\/\/lancobrokerage.com\/","ownershipFundingInfo":"https:\/\/lancobrokerage.com\/independent-insurance-agency-about-us\/","actionableFeedbackPolicy":"https:\/\/lancobrokerage.com\/free-insurance-quote-new-york-and-new-jersey\/","address":{"@id":"https:\/\/lancobrokerage.com\/privacy-policy\/#local-main-place-address"},"geo":{"@type":"GeoCoordinates","latitude":"40.85201","longitude":"-73.9380098"},"telephone":["2127957090"],"openingHoursSpecification":[{"@type":"OpeningHoursSpecification","dayOfWeek":["Monday","Tuesday","Wednesday","Thursday"],"opens":"09:00","closes":"17:00"},{"@type":"OpeningHoursSpecification","dayOfWeek":["Friday"],"opens":"09:00","closes":"16:00"},{"@type":"OpeningHoursSpecification","dayOfWeek":["Saturday","Sunday"],"opens":"00:00","closes":"00:00"}],"email":"info@lancobrokerage.com","faxNumber":"2127957090","areaServed":"New York, New Jersey"},{"@type":"PostalAddress","@id":"https:\/\/lancobrokerage.com\/privacy-policy\/#local-main-place-address","streetAddress":"497 Fort Washington Ave","addressLocality":"New York","postalCode":"10033","addressRegion":"NY","addressCountry":"US"},{"@type":"ImageObject","inLanguage":"es","@id":"https:\/\/lancobrokerage.com\/privacy-policy\/#local-main-organization-logo","url":"https:\/\/lancobrokerage.com\/wp-content\/uploads\/2026\/03\/Lanco-Icon-final.webp","contentUrl":"https:\/\/lancobrokerage.com\/wp-content\/uploads\/2026\/03\/Lanco-Icon-final.webp","width":584,"height":609,"caption":"Lanco Brokerage"}]},"geo.placename":"New York","geo.position":{"lat":"40.85201","long":"-73.9380098"},"geo.region":"Estados Unidos (EEUU)"},"_links":{"self":[{"href":"https:\/\/lancobrokerage.com\/es\/wp-json\/wp\/v2\/pages\/3","targetHints":{"allow":["GET"]}}],"collection":[{"href":"https:\/\/lancobrokerage.com\/es\/wp-json\/wp\/v2\/pages"}],"about":[{"href":"https:\/\/lancobrokerage.com\/es\/wp-json\/wp\/v2\/types\/page"}],"author":[{"embeddable":true,"href":"https:\/\/lancobrokerage.com\/es\/wp-json\/wp\/v2\/users\/1"}],"replies":[{"embeddable":true,"href":"https:\/\/lancobrokerage.com\/es\/wp-json\/wp\/v2\/comments?post=3"}],"version-history":[{"count":0,"href":"https:\/\/lancobrokerage.com\/es\/wp-json\/wp\/v2\/pages\/3\/revisions"}],"wp:attachment":[{"href":"https:\/\/lancobrokerage.com\/es\/wp-json\/wp\/v2\/media?parent=3"}],"curies":[{"name":"wp","href":"https:\/\/api.w.org\/{rel}","templated":true}]}}